{"id":9883,"date":"2024-09-08T19:36:48","date_gmt":"2024-09-08T19:36:48","guid":{"rendered":"https:\/\/www.nakitsrebro.rs\/?post_type=product&#038;p=9883"},"modified":"2025-12-04T08:56:46","modified_gmt":"2025-12-04T08:56:46","slug":"srebrne-mindjuse-za-decu-hello-kitty-600","status":"publish","type":"product","link":"https:\/\/www.nakitsrebro.rs\/en\/p\/srebrne-mindjuse-za-decu-hello-kitty-600\/","title":{"rendered":"Srebrne mindju\u0161e za decu &#8222;HELLO KITTY&#8220; 600"},"content":{"rendered":"","protected":false},"excerpt":{"rendered":"<div id=\"karakteristike\">\n<ul>\n<li><strong>TE\u017dINA<\/strong>: 1,9g<\/li>\n<li><strong>MATERIJAL<\/strong>: SREBRO 925, EMAJL<\/li>\n<li><strong>DU\u017dINA:<\/strong> 1cm<\/li>\n<li><strong>\u0160IRINA: <\/strong>0,7cm<\/li>\n<li>Ove min\u0111u\u0161e su neodoljive i savr\u0161en izbor za sve male devoj\u010dice koje vole Hello Kitty. Njihov dizajn je jednostavan, ali efektan, a materijal od kojeg su napravljene garantuje kvalitet i bezbednost. Bi\u0107e predivan poklon za ro\u0111endan, kr\u0161tenje ili neku drugu posebnu priliku.<\/li>\n<\/ul>\n<\/div>","protected":false},"featured_media":9884,"comment_status":"closed","ping_status":"closed","template":"","meta":[],"product_brand":[],"product_cat":[232],"product_tag":[256],"class_list":{"0":"post-9883","1":"product","2":"type-product","3":"status-publish","4":"has-post-thumbnail","6":"product_cat-mindjuse","7":"product_tag-nakit-za-decu","9":"first","10":"instock","11":"shipping-taxable","12":"purchasable","13":"product-type-simple"},"_links":{"self":[{"href":"https:\/\/www.nakitsrebro.rs\/en\/wp-json\/wp\/v2\/product\/9883","targetHints":{"allow":["GET"]}}],"collection":[{"href":"https:\/\/www.nakitsrebro.rs\/en\/wp-json\/wp\/v2\/product"}],"about":[{"href":"https:\/\/www.nakitsrebro.rs\/en\/wp-json\/wp\/v2\/types\/product"}],"replies":[{"embeddable":true,"href":"https:\/\/www.nakitsrebro.rs\/en\/wp-json\/wp\/v2\/comments?post=9883"}],"wp:featuredmedia":[{"embeddable":true,"href":"https:\/\/www.nakitsrebro.rs\/en\/wp-json\/wp\/v2\/media\/9884"}],"wp:attachment":[{"href":"https:\/\/www.nakitsrebro.rs\/en\/wp-json\/wp\/v2\/media?parent=9883"}],"wp:term":[{"taxonomy":"product_brand","embeddable":true,"href":"https:\/\/www.nakitsrebro.rs\/en\/wp-json\/wp\/v2\/product_brand?post=9883"},{"taxonomy":"product_cat","embeddable":true,"href":"https:\/\/www.nakitsrebro.rs\/en\/wp-json\/wp\/v2\/product_cat?post=9883"},{"taxonomy":"product_tag","embeddable":true,"href":"https:\/\/www.nakitsrebro.rs\/en\/wp-json\/wp\/v2\/product_tag?post=9883"}],"curies":[{"name":"wp","href":"https:\/\/api.w.org\/{rel}","templated":true}]}}