{"id":9987,"date":"2024-09-10T12:45:02","date_gmt":"2024-09-10T12:45:02","guid":{"rendered":"https:\/\/www.nakitsrebro.rs\/?post_type=product&#038;p=9987"},"modified":"2025-11-02T14:04:33","modified_gmt":"2025-11-02T14:04:33","slug":"srebrni-prsten-za-decu-meda-603","status":"publish","type":"product","link":"https:\/\/www.nakitsrebro.rs\/en\/p\/srebrni-prsten-za-decu-meda-603\/","title":{"rendered":"Srebrni prsten za decu &#8222;MEDA&#8220; 603"},"content":{"rendered":"","protected":false},"excerpt":{"rendered":"<div id=\"karakteristike\">\n<ul>\n<li><strong>TE\u017dINA<\/strong>: 1,2g<\/li>\n<li><strong>MATERIJAL<\/strong>: SREBRO 925, EMAJL<\/li>\n<li><strong>PRE\u010cNIK:<\/strong> 14,5cm<\/li>\n<li>Srebrni prsten za decu s motivom medvedi\u0107a prekrivenog emajlom je predivan komad nakita. Medvedi\u0107 je izra\u0111en od srebra i prekriven belim emajlom, \u0161to mu daje elegantan i moderan izgled. U \u0161apama dr\u017ei malo srce koje je obojeno u jarku ru\u017ei\u010dastu boju, dodaju\u0107i tako da\u0161ak slatko\u0107e i romantike. Prsten je jednostavan i elegantan, a istovremeno zabavan i privla\u010dan za decu. Idealno je za svaku priliku, bilo da se nosi svakodnevno ili za posebne trenutke.<\/li>\n<\/ul>\n<\/div>","protected":false},"featured_media":9985,"comment_status":"closed","ping_status":"closed","template":"","meta":[],"product_brand":[],"product_cat":[233],"product_tag":[256],"class_list":{"0":"post-9987","1":"product","2":"type-product","3":"status-publish","4":"has-post-thumbnail","6":"product_cat-narukvice-i-ogrlice","7":"product_tag-nakit-za-decu","9":"first","10":"instock","11":"shipping-taxable","12":"purchasable","13":"product-type-simple"},"_links":{"self":[{"href":"https:\/\/www.nakitsrebro.rs\/en\/wp-json\/wp\/v2\/product\/9987","targetHints":{"allow":["GET"]}}],"collection":[{"href":"https:\/\/www.nakitsrebro.rs\/en\/wp-json\/wp\/v2\/product"}],"about":[{"href":"https:\/\/www.nakitsrebro.rs\/en\/wp-json\/wp\/v2\/types\/product"}],"replies":[{"embeddable":true,"href":"https:\/\/www.nakitsrebro.rs\/en\/wp-json\/wp\/v2\/comments?post=9987"}],"wp:featuredmedia":[{"embeddable":true,"href":"https:\/\/www.nakitsrebro.rs\/en\/wp-json\/wp\/v2\/media\/9985"}],"wp:attachment":[{"href":"https:\/\/www.nakitsrebro.rs\/en\/wp-json\/wp\/v2\/media?parent=9987"}],"wp:term":[{"taxonomy":"product_brand","embeddable":true,"href":"https:\/\/www.nakitsrebro.rs\/en\/wp-json\/wp\/v2\/product_brand?post=9987"},{"taxonomy":"product_cat","embeddable":true,"href":"https:\/\/www.nakitsrebro.rs\/en\/wp-json\/wp\/v2\/product_cat?post=9987"},{"taxonomy":"product_tag","embeddable":true,"href":"https:\/\/www.nakitsrebro.rs\/en\/wp-json\/wp\/v2\/product_tag?post=9987"}],"curies":[{"name":"wp","href":"https:\/\/api.w.org\/{rel}","templated":true}]}}