{"id":9991,"date":"2024-09-10T12:49:49","date_gmt":"2024-09-10T12:49:49","guid":{"rendered":"https:\/\/www.nakitsrebro.rs\/?post_type=product&#038;p=9991"},"modified":"2025-11-02T14:04:33","modified_gmt":"2025-11-02T14:04:33","slug":"srebrni-prsten-za-decu-jednorog-601","status":"publish","type":"product","link":"https:\/\/www.nakitsrebro.rs\/en\/p\/srebrni-prsten-za-decu-jednorog-601\/","title":{"rendered":"Srebrni prsten za decu &#8222;JEDNOROG&#8220; 601"},"content":{"rendered":"","protected":false},"excerpt":{"rendered":"<div id=\"karakteristike\">\n<ul>\n<li><strong>TE\u017dINA<\/strong>: 1,2g<\/li>\n<li><strong>MATERIJAL<\/strong>: SREBRO 925, EMAJL<\/li>\n<li><strong>PRE\u010cNIK:<\/strong> 14cm<\/li>\n<li>Ovaj srebrni prsten za decu s motivom jednoroga, prekriven \u0161arenim emajlom, je zaista \u010daroban komad nakita! Jednorog je izra\u0111en od finog srebra i prekriven emajl bojom, \u0161to mu daje elegantan i moderan izgled. \u0160arene griva obojena u ne\u017ene nijanse ljubi\u010daste, plave i roze boje, \u010dine ga posebno privla\u010dnim i ma\u0161tovitim. Prsten je jednostavan i elegantan, a istovremeno zabavan i savr\u0161en za male princeze koje vole sve \u0161to je magi\u010dno.<\/li>\n<\/ul>\n<\/div>","protected":false},"featured_media":9992,"comment_status":"closed","ping_status":"closed","template":"","meta":[],"product_brand":[],"product_cat":[233],"product_tag":[256],"class_list":{"0":"post-9991","1":"product","2":"type-product","3":"status-publish","4":"has-post-thumbnail","6":"product_cat-narukvice-i-ogrlice","7":"product_tag-nakit-za-decu","9":"first","10":"instock","11":"shipping-taxable","12":"purchasable","13":"product-type-simple"},"_links":{"self":[{"href":"https:\/\/www.nakitsrebro.rs\/en\/wp-json\/wp\/v2\/product\/9991","targetHints":{"allow":["GET"]}}],"collection":[{"href":"https:\/\/www.nakitsrebro.rs\/en\/wp-json\/wp\/v2\/product"}],"about":[{"href":"https:\/\/www.nakitsrebro.rs\/en\/wp-json\/wp\/v2\/types\/product"}],"replies":[{"embeddable":true,"href":"https:\/\/www.nakitsrebro.rs\/en\/wp-json\/wp\/v2\/comments?post=9991"}],"wp:featuredmedia":[{"embeddable":true,"href":"https:\/\/www.nakitsrebro.rs\/en\/wp-json\/wp\/v2\/media\/9992"}],"wp:attachment":[{"href":"https:\/\/www.nakitsrebro.rs\/en\/wp-json\/wp\/v2\/media?parent=9991"}],"wp:term":[{"taxonomy":"product_brand","embeddable":true,"href":"https:\/\/www.nakitsrebro.rs\/en\/wp-json\/wp\/v2\/product_brand?post=9991"},{"taxonomy":"product_cat","embeddable":true,"href":"https:\/\/www.nakitsrebro.rs\/en\/wp-json\/wp\/v2\/product_cat?post=9991"},{"taxonomy":"product_tag","embeddable":true,"href":"https:\/\/www.nakitsrebro.rs\/en\/wp-json\/wp\/v2\/product_tag?post=9991"}],"curies":[{"name":"wp","href":"https:\/\/api.w.org\/{rel}","templated":true}]}}